{"id":253,"date":"2025-03-31T17:08:21","date_gmt":"2025-03-31T17:08:21","guid":{"rendered":"https:\/\/elessi.nasatheme.com\/?page_id=253"},"modified":"2025-05-13T12:27:14","modified_gmt":"2025-05-13T12:27:14","slug":"contacte","status":"publish","type":"page","link":"https:\/\/nateka.md\/ru\/contacte\/","title":{"rendered":"\u041a\u043e\u043d\u0442\u0430\u043a\u0442\u044b"},"content":{"rendered":"<div  class=\"section-element margin-top-30 margin-bottom-50\"><div class=\"row\"><div class=\"large-5 mobile-margin-bottom-20 nasa-col columns\"><div class=\"wpb_gmaps_widget wpb_content_element\"><div class=\"wpb_wrapper\"><div class=\"wpb_map_wraper\"><iframe src=\"https:\/\/www.google.com\/maps\/embed?pb=!1m18!1m12!1m3!1d87073.65641869421!2d28.775776356897296!3d46.99995657287024!2m3!1f0!2f0!3f0!3m2!1i1024!2i768!4f13.1!3m3!1m2!1s0x40c97c3628b769a1%3A0x37d1d6305749dd3c!2zQ2hpyJlpbsSDdSwgTW9sZG92YQ!5e0!3m2!1sro!2s!4v1743600750205!5m2!1sro!2s\" width=\"600\" height=\"750\" style=\"border:0;\" allowfullscreen=\"\" loading=\"lazy\" referrerpolicy=\"no-referrer-when-downgrade\"><\/iframe><\/div><\/div><\/div><\/div><div class=\"large-7 vc_custom_1505055254580 padding-side-mobile-0 nasa-col columns\"><div class=\"row row-inner row-fluid\"><div class=\"large-6 nasa-col columns\"><div class=\"nasa-title clearfix hr-type-none\"><h4 class=\"nasa-heading-title\"><span class=\"nasa-title-wrap\"><span style=\"background: #ffffff;\">\u0410\u0434\u0440\u0435\u0441<\/span><\/span><\/h4><\/div><div class=\"wpb_text_column wpb_content_element\" ><p>\u043c\u0443\u043d. \u041a\u0438\u0448\u0438\u043d\u0451\u0432,<br \/>\n\u0443\u043b.\u041c\u0438\u0440\u0447\u0430 \u0447\u0435\u043b \u0411\u044d\u0442\u0440\u044b\u043d 4.4 \u043e\u0444.302<\/p>\n<\/div><div class=\"vc_empty_space\"   style=\"height: 30px\"><span class=\"vc_empty_space_inner\"><\/span><\/div><\/div><div class=\"large-6 nasa-col columns\"><div class=\"nasa-title clearfix hr-type-none\"><h4 class=\"nasa-heading-title\"><span class=\"nasa-title-wrap\"><span style=\"background: #ffffff;\">\u0422\u0435\u043b\u0435\u0444\u043e\u043d<\/span><\/span><\/h4><\/div><div class=\"wpb_text_column wpb_content_element\" ><p>\u0422\u0435\u043b\u0435\u0444\u043e\u043d: <a class=\"nasa-title-menu\" href=\"tel:061013222\">+373 061013222<\/a><\/p>\n<\/div><\/div><\/div><div class=\"vc_empty_space\"   style=\"height: 45px\"><span class=\"vc_empty_space_inner\"><\/span><\/div><div class=\"row row-inner row-fluid\"><div class=\"large-6 nasa-col columns\"><div class=\"nasa-title clearfix hr-type-none\"><h4 class=\"nasa-heading-title\"><span class=\"nasa-title-wrap\"><span style=\"background: #ffffff;\">\u042d\u043b\u0435\u043a\u0442\u0440\u043e\u043d\u043d\u0430\u044f \u043f\u043e\u0447\u0442\u0430<\/span><\/span><\/h4><\/div><div class=\"wpb_text_column wpb_content_element\" ><p>office@nateka.md<\/p>\n<\/div><div class=\"vc_empty_space\"   style=\"height: 30px\"><span class=\"vc_empty_space_inner\"><\/span><\/div><\/div><div class=\"large-6 nasa-col columns\"><div class=\"nasa-title clearfix hr-type-none\"><h4 class=\"nasa-heading-title\"><span class=\"nasa-title-wrap\"><span style=\"background: #ffffff;\">\u041f\u043e\u0434\u043f\u0438\u0441\u044b\u0432\u0430\u0439\u0442\u0435\u0441\u044c \u043d\u0430 \u043d\u0430\u0441<\/span><\/span><\/h4><\/div><div class=\"social-icons nasa-follow margin-top-15\"><div class=\"follow-icon nasa-iflex flex-wrap\"><a href=\"https:\/\/www.facebook.com\/prosanitasfarm\" target=\"_blank\" class=\"icon icon_facebook nasa-tip\" title=\"Follow us on Facebook\" rel=\"nofollow\"><i class=\"fa fab fa-facebook\"><\/i><\/a><a href=\"https:\/\/www.instagram.com\/prosanitasfarmsrl\/\" target=\"_blank\" class=\"icon icon_instagram nasa-tip\" title=\"Follow us on Instagram\" rel=\"nofollow\"><i class=\"fa fab fa-instagram\"><\/i><\/a><a href=\"http:\/\/t.me\/prosanitas\" target=\"_blank\" class=\"icon icon_telegram nasa-tip\" title=\"Follow us on Telegram\" rel=\"nofollow\"><i class=\"fa fab fa-telegram\"><\/i><\/a><\/div><\/div><\/div><\/div><div class=\"vc_empty_space\"   style=\"height: 45px\"><span class=\"vc_empty_space_inner\"><\/span><\/div><div class=\"wpb_text_column wpb_content_element\" ><p>\u0415\u0441\u043b\u0438 \u0443 \u0432\u0430\u0441 \u0432\u043e\u0437\u043d\u0438\u043a\u043d\u0443\u0442 \u043a\u0430\u043a\u0438\u0435-\u043b\u0438\u0431\u043e \u0432\u043e\u043f\u0440\u043e\u0441\u044b, \u043f\u043e\u0436\u0430\u043b\u0443\u0439\u0441\u0442\u0430, \u043d\u0435 \u0441\u0442\u0435\u0441\u043d\u044f\u0439\u0442\u0435\u0441\u044c \u043e\u0431\u0440\u0430\u0449\u0430\u0442\u044c\u0441\u044f \u043a \u043d\u0430\u043c.<br \/>\n\u041c\u044b \u043e\u0442\u0432\u0435\u0442\u0438\u043c \u043a\u0430\u043a \u043c\u043e\u0436\u043d\u043e \u0441\u043a\u043e\u0440\u0435\u0435. \u0421\u043f\u0430\u0441\u0438\u0431\u043e!<\/p>\n<\/div><div class=\"vc_empty_space\"   style=\"height: 20px\"><span class=\"vc_empty_space_inner\"><\/span><\/div><div role=\"form\" class=\"wpcf7\" id=\"wpcf7-f2151-o1\" lang=\"en-US\" dir=\"ltr\">\n<div class=\"screen-reader-response\"><p role=\"status\" aria-live=\"polite\" aria-atomic=\"true\"><\/p> <ul><\/ul><\/div>\n<form action=\"\/ru\/wp-json\/wp\/v2\/pages\/253#wpcf7-f2151-o1\" method=\"post\" class=\"wpcf7-form init\" novalidate=\"novalidate\" data-status=\"init\" data-trp-original-action=\"\/ru\/wp-json\/wp\/v2\/pages\/253#wpcf7-f2151-o1\">\n<div style=\"display: none;\">\n<input type=\"hidden\" name=\"_wpcf7\" value=\"2151\" \/>\n<input type=\"hidden\" name=\"_wpcf7_version\" value=\"5.6.4\" \/>\n<input type=\"hidden\" name=\"_wpcf7_locale\" value=\"en_US\" \/>\n<input type=\"hidden\" name=\"_wpcf7_unit_tag\" value=\"wpcf7-f2151-o1\" \/>\n<input type=\"hidden\" name=\"_wpcf7_container_post\" value=\"0\" \/>\n<input type=\"hidden\" name=\"_wpcf7_posted_data_hash\" value=\"\" \/>\n<\/div>\n<div class=\"contact-form-footer\">\n<div class=\"row\">\n<div class=\"lt-col large-6 columns\">\n       <label> \u0418\u043c\u044f (\u043e\u0431\u044f\u0437\u0430\u0442\u0435\u043b\u044c\u043d\u043e)<br \/>\n           <span class=\"wpcf7-form-control-wrap\" data-name=\"your-name\"><input type=\"text\" name=\"your-name\" value=\"\" size=\"40\" class=\"wpcf7-form-control wpcf7-text wpcf7-validates-as-required\" aria-required=\"true\" aria-invalid=\"false\" placeholder=\"\u0412\u0430\u0448\u0435 \u0438\u043c\u044f\" \/><\/span> <\/label>\n    <\/div>\n<div class=\"lt-col large-6 columns\">\n       <label> \u042d\u043b\u0435\u043a\u0442\u0440\u043e\u043d\u043d\u0430\u044f \u043f\u043e\u0447\u0442\u0430 (\u043e\u0431\u044f\u0437\u0430\u0442\u0435\u043b\u044c\u043d\u043e)<br \/>\n          <span class=\"wpcf7-form-control-wrap\" data-name=\"your-email\"><input type=\"email\" name=\"your-email\" value=\"\" size=\"40\" class=\"wpcf7-form-control wpcf7-text wpcf7-email wpcf7-validates-as-required wpcf7-validates-as-email\" aria-required=\"true\" aria-invalid=\"false\" placeholder=\"\u0412\u0430\u0448 \u0430\u0434\u0440\u0435\u0441 \u044d\u043b\u0435\u043a\u0442\u0440\u043e\u043d\u043d\u043e\u0439 \u043f\u043e\u0447\u0442\u044b\" \/><\/span> <\/label>\n    <\/div>\n<\/div>\n<div class=\"row\">\n<div class=\"large-12 columns\">\n         <label> \u0421\u043e\u043e\u0431\u0449\u0435\u043d\u0438\u0435<br \/>\n         <span class=\"wpcf7-form-control-wrap\" data-name=\"your-message\"><textarea name=\"your-message\" cols=\"100\" rows=\"10\" class=\"wpcf7-form-control wpcf7-textarea\" aria-invalid=\"false\" placeholder=\"\u0412\u0430\u0448\u0435 \u0441\u043e\u043e\u0431\u0449\u0435\u043d\u0438\u0435\"><\/textarea><\/span>\n    <\/div>\n<\/div>\n<p><input type=\"submit\" value=\"\u041e\u0442\u043f\u0440\u0430\u0432\u0438\u0442\u044c\" class=\"wpcf7-form-control has-spinner wpcf7-submit button\" id=\"form-submit\" \/><\/p>\n<\/div>\n<div class=\"wpcf7-response-output\" aria-hidden=\"true\"><\/div><input type=\"hidden\" name=\"trp-form-language\" value=\"ru\"\/><\/form><\/div><\/div><\/div><\/div>","protected":false},"excerpt":{"rendered":"Adresamun.Chisinau, bd. Mircea cel Batran 4\/4, of.302 TelefonTelefon: +373 061013222 Emailoffice@nateka.md Urm\u0103re\u0219te-neDac\u0103 ave\u021bi \u00eentreb\u0103ri, v\u0103 rug\u0103m s\u0103 nu ezita\u021bi s\u0103 ne contacta\u021bi. V\u0103 vom r\u0103spunde c\u00e2t mai cur\u00e2nd posibil.V\u0103 mul\u021bumim! Numele (obligatoriu) Email (obligatoriu) Mesaj","protected":false},"author":1,"featured_media":0,"parent":0,"menu_order":0,"comment_status":"closed","ping_status":"closed","template":"page-visual-composer.php","meta":{"footnotes":""},"class_list":["post-253","page","type-page","status-publish","hentry"],"yoast_head":"<!-- This site is optimized with the Yoast SEO Premium plugin v24.5 (Yoast SEO v26.4) - https:\/\/yoast.com\/wordpress\/plugins\/seo\/ -->\n<title>Contacte - Nateka.MD<\/title>\n<meta name=\"description\" content=\"Ia leg\u0103tura cu echipa Nateka.MD pentru \u00eentreb\u0103ri, comenzi sau recomand\u0103ri personalizate. Completeaz\u0103 formularul sau sun\u0103-ne direct!\" \/>\n<meta name=\"robots\" content=\"index, follow, max-snippet:-1, max-image-preview:large, max-video-preview:-1\" \/>\n<link rel=\"canonical\" href=\"https:\/\/nateka.md\/ru\/contacte\/\" \/>\n<meta property=\"og:locale\" content=\"ru_RU\" \/>\n<meta property=\"og:type\" content=\"article\" \/>\n<meta property=\"og:title\" content=\"Contacte\" \/>\n<meta property=\"og:description\" content=\"Ia leg\u0103tura cu echipa Nateka.MD pentru \u00eentreb\u0103ri, comenzi sau recomand\u0103ri personalizate. Completeaz\u0103 formularul sau sun\u0103-ne direct!\" \/>\n<meta property=\"og:url\" content=\"https:\/\/nateka.md\/ru\/contacte\/\" \/>\n<meta property=\"og:site_name\" content=\"Nateka.MD\" \/>\n<meta property=\"article:publisher\" content=\"https:\/\/www.facebook.com\/prosanitasfarm\" \/>\n<meta property=\"article:modified_time\" content=\"2025-05-13T12:27:14+00:00\" \/>\n<meta property=\"og:image\" content=\"https:\/\/nateka.md\/wp-content\/uploads\/2025\/03\/nateka-logotip.png\" \/>\n\t<meta property=\"og:image:width\" content=\"1366\" \/>\n\t<meta property=\"og:image:height\" content=\"768\" \/>\n\t<meta property=\"og:image:type\" content=\"image\/png\" \/>\n<meta name=\"twitter:card\" content=\"summary_large_image\" \/>\n<meta name=\"twitter:label1\" content=\"\u041f\u0440\u0438\u043c\u0435\u0440\u043d\u043e\u0435 \u0432\u0440\u0435\u043c\u044f \u0434\u043b\u044f \u0447\u0442\u0435\u043d\u0438\u044f\" \/>\n\t<meta name=\"twitter:data1\" content=\"1 \u043c\u0438\u043d\u0443\u0442\u0430\" \/>\n<script type=\"application\/ld+json\" class=\"yoast-schema-graph\">{\"@context\":\"https:\/\/schema.org\",\"@graph\":[{\"@type\":\"WebPage\",\"@id\":\"https:\/\/nateka.md\/contacte\/\",\"url\":\"https:\/\/nateka.md\/contacte\/\",\"name\":\"Contacte - Nateka.MD\",\"isPartOf\":{\"@id\":\"https:\/\/nateka.md\/#website\"},\"datePublished\":\"2025-03-31T17:08:21+00:00\",\"dateModified\":\"2025-05-13T12:27:14+00:00\",\"description\":\"Ia leg\u0103tura cu echipa Nateka.MD pentru \u00eentreb\u0103ri, comenzi sau recomand\u0103ri personalizate. Completeaz\u0103 formularul sau sun\u0103-ne direct!\",\"breadcrumb\":{\"@id\":\"https:\/\/nateka.md\/contacte\/#breadcrumb\"},\"inLanguage\":\"ru-RU\",\"potentialAction\":[{\"@type\":\"ReadAction\",\"target\":[\"https:\/\/nateka.md\/contacte\/\"]}]},{\"@type\":\"BreadcrumbList\",\"@id\":\"https:\/\/nateka.md\/contacte\/#breadcrumb\",\"itemListElement\":[{\"@type\":\"ListItem\",\"position\":1,\"name\":\"Home\",\"item\":\"https:\/\/nateka.md\/\"},{\"@type\":\"ListItem\",\"position\":2,\"name\":\"Contacte\"}]},{\"@type\":\"WebSite\",\"@id\":\"https:\/\/nateka.md\/#website\",\"url\":\"https:\/\/nateka.md\/\",\"name\":\"Nateka.MD\",\"description\":\"prosperitate prin s\u0103n\u0103tate\",\"publisher\":{\"@id\":\"https:\/\/nateka.md\/#organization\"},\"potentialAction\":[{\"@type\":\"SearchAction\",\"target\":{\"@type\":\"EntryPoint\",\"urlTemplate\":\"https:\/\/nateka.md\/?s={search_term_string}\"},\"query-input\":{\"@type\":\"PropertyValueSpecification\",\"valueRequired\":true,\"valueName\":\"search_term_string\"}}],\"inLanguage\":\"ru-RU\"},{\"@type\":\"Organization\",\"@id\":\"https:\/\/nateka.md\/#organization\",\"name\":\"Nateka - prosperitate prin s\u0103n\u0103tate\",\"url\":\"https:\/\/nateka.md\/\",\"logo\":{\"@type\":\"ImageObject\",\"inLanguage\":\"ru-RU\",\"@id\":\"https:\/\/nateka.md\/#\/schema\/logo\/image\/\",\"url\":\"https:\/\/nateka.md\/wp-content\/uploads\/2025\/03\/nateka-logotip.png\",\"contentUrl\":\"https:\/\/nateka.md\/wp-content\/uploads\/2025\/03\/nateka-logotip.png\",\"width\":1366,\"height\":768,\"caption\":\"Nateka - prosperitate prin s\u0103n\u0103tate\"},\"image\":{\"@id\":\"https:\/\/nateka.md\/#\/schema\/logo\/image\/\"},\"sameAs\":[\"https:\/\/www.facebook.com\/prosanitasfarm\",\"https:\/\/www.instagram.com\/prosanitasfarmsrl\/\"],\"hasMerchantReturnPolicy\":{\"@type\":\"MerchantReturnPolicy\",\"merchantReturnLink\":\"https:\/\/nateka.md\/ru\/termeni-si-conditii\/\"}}]}<\/script>\n<!-- \/ Yoast SEO Premium plugin. -->","yoast_head_json":{"title":"Contacte - Nateka.MD","description":"Ia leg\u0103tura cu echipa Nateka.MD pentru \u00eentreb\u0103ri, comenzi sau recomand\u0103ri personalizate. Completeaz\u0103 formularul sau sun\u0103-ne direct!","robots":{"index":"index","follow":"follow","max-snippet":"max-snippet:-1","max-image-preview":"max-image-preview:large","max-video-preview":"max-video-preview:-1"},"canonical":"https:\/\/nateka.md\/ru\/contacte\/","og_locale":"ru_RU","og_type":"article","og_title":"Contacte","og_description":"Ia leg\u0103tura cu echipa Nateka.MD pentru \u00eentreb\u0103ri, comenzi sau recomand\u0103ri personalizate. Completeaz\u0103 formularul sau sun\u0103-ne direct!","og_url":"https:\/\/nateka.md\/ru\/contacte\/","og_site_name":"Nateka.MD","article_publisher":"https:\/\/www.facebook.com\/prosanitasfarm","article_modified_time":"2025-05-13T12:27:14+00:00","og_image":[{"width":1366,"height":768,"url":"https:\/\/nateka.md\/wp-content\/uploads\/2025\/03\/nateka-logotip.png","type":"image\/png"}],"twitter_card":"summary_large_image","twitter_misc":{"\u041f\u0440\u0438\u043c\u0435\u0440\u043d\u043e\u0435 \u0432\u0440\u0435\u043c\u044f \u0434\u043b\u044f \u0447\u0442\u0435\u043d\u0438\u044f":"1 \u043c\u0438\u043d\u0443\u0442\u0430"},"schema":{"@context":"https:\/\/schema.org","@graph":[{"@type":"WebPage","@id":"https:\/\/nateka.md\/contacte\/","url":"https:\/\/nateka.md\/contacte\/","name":"Contacte - Nateka.MD","isPartOf":{"@id":"https:\/\/nateka.md\/#website"},"datePublished":"2025-03-31T17:08:21+00:00","dateModified":"2025-05-13T12:27:14+00:00","description":"Ia leg\u0103tura cu echipa Nateka.MD pentru \u00eentreb\u0103ri, comenzi sau recomand\u0103ri personalizate. Completeaz\u0103 formularul sau sun\u0103-ne direct!","breadcrumb":{"@id":"https:\/\/nateka.md\/contacte\/#breadcrumb"},"inLanguage":"ru-RU","potentialAction":[{"@type":"ReadAction","target":["https:\/\/nateka.md\/contacte\/"]}]},{"@type":"BreadcrumbList","@id":"https:\/\/nateka.md\/contacte\/#breadcrumb","itemListElement":[{"@type":"ListItem","position":1,"name":"Home","item":"https:\/\/nateka.md\/"},{"@type":"ListItem","position":2,"name":"Contacte"}]},{"@type":"WebSite","@id":"https:\/\/nateka.md\/#website","url":"https:\/\/nateka.md\/","name":"Nateka.MD","description":"prosperitate prin s\u0103n\u0103tate","publisher":{"@id":"https:\/\/nateka.md\/#organization"},"potentialAction":[{"@type":"SearchAction","target":{"@type":"EntryPoint","urlTemplate":"https:\/\/nateka.md\/?s={search_term_string}"},"query-input":{"@type":"PropertyValueSpecification","valueRequired":true,"valueName":"search_term_string"}}],"inLanguage":"ru-RU"},{"@type":"Organization","@id":"https:\/\/nateka.md\/#organization","name":"Nateka - prosperitate prin s\u0103n\u0103tate","url":"https:\/\/nateka.md\/","logo":{"@type":"ImageObject","inLanguage":"ru-RU","@id":"https:\/\/nateka.md\/#\/schema\/logo\/image\/","url":"https:\/\/nateka.md\/wp-content\/uploads\/2025\/03\/nateka-logotip.png","contentUrl":"https:\/\/nateka.md\/wp-content\/uploads\/2025\/03\/nateka-logotip.png","width":1366,"height":768,"caption":"Nateka - prosperitate prin s\u0103n\u0103tate"},"image":{"@id":"https:\/\/nateka.md\/#\/schema\/logo\/image\/"},"sameAs":["https:\/\/www.facebook.com\/prosanitasfarm","https:\/\/www.instagram.com\/prosanitasfarmsrl\/"],"hasMerchantReturnPolicy":{"@type":"MerchantReturnPolicy","merchantReturnLink":"https:\/\/nateka.md\/ru\/termeni-si-conditii\/"}}]}},"_links":{"self":[{"href":"https:\/\/nateka.md\/ru\/wp-json\/wp\/v2\/pages\/253","targetHints":{"allow":["GET"]}}],"collection":[{"href":"https:\/\/nateka.md\/ru\/wp-json\/wp\/v2\/pages"}],"about":[{"href":"https:\/\/nateka.md\/ru\/wp-json\/wp\/v2\/types\/page"}],"author":[{"embeddable":true,"href":"https:\/\/nateka.md\/ru\/wp-json\/wp\/v2\/users\/1"}],"replies":[{"embeddable":true,"href":"https:\/\/nateka.md\/ru\/wp-json\/wp\/v2\/comments?post=253"}],"version-history":[{"count":7,"href":"https:\/\/nateka.md\/ru\/wp-json\/wp\/v2\/pages\/253\/revisions"}],"predecessor-version":[{"id":5404,"href":"https:\/\/nateka.md\/ru\/wp-json\/wp\/v2\/pages\/253\/revisions\/5404"}],"wp:attachment":[{"href":"https:\/\/nateka.md\/ru\/wp-json\/wp\/v2\/media?parent=253"}],"curies":[{"name":"wp","href":"https:\/\/api.w.org\/{rel}","templated":true}]}}