{"id":3988,"date":"2025-03-31T15:54:23","date_gmt":"2025-03-31T15:54:23","guid":{"rendered":"https:\/\/nateka.md\/?post_type=product&#038;p=3988"},"modified":"2025-05-13T12:16:59","modified_gmt":"2025-05-13T12:16:59","slug":"effecol-3350","status":"publish","type":"product","link":"https:\/\/nateka.md\/ru\/product\/effecol-3350\/","title":{"rendered":"\u042d\u0444\u0444\u0435\u043a\u043e\u043b 3350"},"content":{"rendered":"<p><b>\u041e\u043f\u0438\u0441\u0430\u043d\u0438\u0435:<\/b><span style=\"font-weight: 400;\"> EFFECOL (\u042d\u0444\u0444\u0435\u043a\u043e\u043b) \u2013 \u044d\u0442\u043e \u043c\u0435\u0434\u0438\u0446\u0438\u043d\u0441\u043a\u043e\u0435 \u0443\u0441\u0442\u0440\u043e\u0439\u0441\u0442\u0432\u043e \u0441 \u043e\u0441\u043c\u043e\u0442\u0438\u0447\u0435\u0441\u043a\u0438\u043c \u0441\u043b\u0430\u0431\u0438\u0442\u0435\u043b\u044c\u043d\u044b\u043c \u0434\u0435\u0439\u0441\u0442\u0432\u0438\u0435\u043c, \u043a\u043e\u0442\u043e\u0440\u043e\u0435 \u0435\u0441\u0442\u0435\u0441\u0442\u0432\u0435\u043d\u043d\u044b\u043c \u043e\u0431\u0440\u0430\u0437\u043e\u043c \u0440\u0435\u0433\u0443\u043b\u0438\u0440\u0443\u0435\u0442 \u0440\u0430\u0431\u043e\u0442\u0443 \u043a\u0438\u0448\u0435\u0447\u043d\u0438\u043a\u0430. \u041e\u043d \u043d\u0435 \u0432\u0441\u0430\u0441\u044b\u0432\u0430\u0435\u0442\u0441\u044f \u0438 \u043d\u0435 \u043f\u043e\u0434\u0432\u0435\u0440\u0433\u0430\u0435\u0442\u0441\u044f \u0444\u0435\u0440\u043c\u0435\u043d\u0442\u0430\u0446\u0438\u0438 \u0432 \u043a\u0438\u0448\u0435\u0447\u043d\u0438\u043a\u0435, \u043d\u0435 \u0440\u0430\u0437\u0434\u0440\u0430\u0436\u0430\u0435\u0442 \u0441\u043b\u0438\u0437\u0438\u0441\u0442\u0443\u044e \u043e\u0431\u043e\u043b\u043e\u0447\u043a\u0443 \u0438 \u0432\u044b\u0432\u043e\u0434\u0438\u0442\u0441\u044f \u0441 \u043a\u0430\u043b\u043e\u043c.\nEFFECOL (\u042d\u0444\u0444\u0435\u043a\u043e\u043b)  \u043e\u0441\u043e\u0431\u0435\u043d\u043d\u043e \u043f\u043e\u043a\u0430\u0437\u0430\u043d \u043f\u0440\u0438 \u0445\u0440\u043e\u043d\u0438\u0447\u0435\u0441\u043a\u043e\u043c \u0437\u0430\u043f\u043e\u0440\u0435 \u0438 \u044d\u043f\u0438\u0437\u043e\u0434\u0438\u0447\u0435\u0441\u043a\u0438\u0445 \u043d\u0435\u0440\u0435\u0433\u0443\u043b\u044f\u0440\u043d\u044b\u0445 \u0434\u0435\u0444\u0435\u043a\u0430\u0446\u0438\u044f\u0445. \u0411\u043b\u0430\u0433\u043e\u0434\u0430\u0440\u044f \u0441\u0432\u043e\u0435\u0439 \u0441\u043f\u043e\u0441\u043e\u0431\u043d\u043e\u0441\u0442\u0438 \u0441\u0432\u044f\u0437\u044b\u0432\u0430\u0442\u044c \u0432\u043e\u0434\u0443, EFFECOL \u0440\u0430\u0437\u043c\u044f\u0433\u0447\u0430\u0435\u0442 \u0441\u0442\u0443\u043b, \u043e\u0431\u043b\u0435\u0433\u0447\u0430\u044f \u0435\u0433\u043e \u0432\u044b\u0432\u0435\u0434\u0435\u043d\u0438\u0435 \u0431\u0435\u0437 \u0441\u043f\u0430\u0437\u043c\u043e\u0432, \u0431\u043e\u043b\u0435\u0439 \u0432 \u0436\u0438\u0432\u043e\u0442\u0435 \u0438\u043b\u0438 \u044d\u043a\u0441\u0442\u0440\u0435\u043d\u043d\u044b\u0445 \u043f\u043e\u0437\u044b\u0432\u043e\u0432. \u0415\u0433\u043e \u044d\u0444\u0444\u0435\u043a\u0442\u0438\u0432\u043d\u043e\u0441\u0442\u044c \u043d\u0435 \u0441\u043d\u0438\u0436\u0430\u0435\u0442\u0441\u044f \u043f\u0440\u0438 \u0434\u043b\u0438\u0442\u0435\u043b\u044c\u043d\u043e\u043c \u043f\u0440\u0438\u043c\u0435\u043d\u0435\u043d\u0438\u0438.\u00a0<\/span><\/p>\n<p><b>\u0421\u043e\u0441\u0442\u0430\u0432\u00a0<\/b><\/p>\n<p><span style=\"font-weight: 400;\">\u041a\u0430\u0436\u0434\u044b\u0439 \u043f\u0430\u043a\u0435\u0442 \u0441\u043e\u0434\u0435\u0440\u0436\u0438\u0442 13,125 \u0433 \u041c\u0430\u043a\u0440\u043e\u0433\u043e\u043b\u0430 3350 (\u043f\u043e\u043b\u0438\u044d\u0442\u0438\u043b\u0435\u043d\u0433\u043b\u0438\u043a\u043e\u043b\u044f).\n\u0412\u0441\u043f\u043e\u043c\u043e\u0433\u0430\u0442\u0435\u043b\u044c\u043d\u044b\u0435 \u0432\u0435\u0449\u0435\u0441\u0442\u0432\u0430: \u0434\u0438\u043e\u043a\u0441\u0438\u0434 \u043a\u0440\u0435\u043c\u043d\u0438\u044f, \u0430\u0440\u043e\u043c\u0430\u0442\u0438\u0437\u0430\u0442\u043e\u0440, \u043d\u0430\u0442\u0440\u0438\u044f \u0441\u0430\u0445\u0430\u0440\u0438\u043d. <\/span><\/p>","protected":false},"excerpt":{"rendered":"<p><b>C\u043b\u0430\u0431\u0438\u0442\u0435\u043b\u044c\u043d\u043e\u0435 \u043f\u0435\u0440\u0432\u043e\u0433\u043e \u0432\u044b\u0431\u043e\u0440\u0430 <\/b><\/p>","protected":false},"featured_media":4820,"template":"","meta":[],"product_cat":[197],"product_tag":[],"class_list":{"0":"post-3988","1":"product","2":"type-product","3":"status-publish","4":"has-post-thumbnail","6":"product_cat-digestie-si-ficat","7":"pa_cantitate-cutii-208","8":"pa_cantitate-cutii-2-cutii-10","9":"pa_cantitate-cutii-3-cutii-15","10":"pa_cantitate-cutii-6-cutii-20","11":"pa_forma-pulbere-p-u-solutie-orala-n12","12":"pa_producator-siit-italia","14":"first","15":"instock","16":"sale","17":"taxable","18":"shipping-taxable","19":"purchasable","20":"product-type-variable","21":"has-default-attributes"},"yoast_head":"<!-- This site is optimized with the Yoast SEO Premium plugin v24.5 (Yoast SEO v26.4) - https:\/\/yoast.com\/wordpress\/plugins\/seo\/ -->\n<title>Effecol 3350 - Nateka.MD<\/title>\n<meta name=\"description\" content=\"EFFECOL (Macrogol 3350) este un dispozitiv medical laxative care, printr-o ac\u0163iune osmotic\u0103, reguleaz\u0103 intestinele \u00eentru-un mod natural\" \/>\n<meta name=\"robots\" content=\"index, follow, max-snippet:-1, max-image-preview:large, max-video-preview:-1\" \/>\n<link rel=\"canonical\" href=\"https:\/\/nateka.md\/ru\/product\/effecol-3350\/\" \/>\n<meta property=\"og:locale\" content=\"ru_RU\" \/>\n<meta property=\"og:type\" content=\"article\" \/>\n<meta property=\"og:title\" content=\"Effecol 3350\" \/>\n<meta property=\"og:description\" content=\"EFFECOL (Macrogol 3350) este un dispozitiv medical laxative care, printr-o ac\u0163iune osmotic\u0103, reguleaz\u0103 intestinele \u00eentru-un mod natural\" \/>\n<meta property=\"og:url\" content=\"https:\/\/nateka.md\/ru\/product\/effecol-3350\/\" \/>\n<meta property=\"og:site_name\" content=\"Nateka.MD\" \/>\n<meta property=\"article:publisher\" content=\"https:\/\/www.facebook.com\/prosanitasfarm\" \/>\n<meta property=\"article:modified_time\" content=\"2025-05-13T12:16:59+00:00\" \/>\n<meta property=\"og:image\" content=\"https:\/\/nateka.md\/wp-content\/uploads\/2025\/03\/effecol-f.png\" \/>\n\t<meta property=\"og:image:width\" content=\"800\" \/>\n\t<meta property=\"og:image:height\" content=\"800\" \/>\n\t<meta property=\"og:image:type\" content=\"image\/png\" \/>\n<meta name=\"twitter:card\" content=\"summary_large_image\" \/>\n<meta name=\"twitter:label1\" content=\"\u0414\u043e\u0441\u0442\u0443\u043f\u043d\u043e\u0441\u0442\u044c\" \/>\n\t<meta name=\"twitter:data1\" content=\"\u0412 \u043d\u0430\u043b\u0438\u0447\u0438\u0438\" \/>\n<script type=\"application\/ld+json\" class=\"yoast-schema-graph\">{\"@context\":\"https:\/\/schema.org\",\"@graph\":[{\"@type\":\"WebPage\",\"@id\":\"https:\/\/nateka.md\/product\/effecol-3350\/\",\"url\":\"https:\/\/nateka.md\/product\/effecol-3350\/\",\"name\":\"Effecol 3350 - Nateka.MD\",\"isPartOf\":{\"@id\":\"https:\/\/nateka.md\/#website\"},\"primaryImageOfPage\":{\"@id\":\"https:\/\/nateka.md\/product\/effecol-3350\/#primaryimage\"},\"image\":{\"@id\":\"https:\/\/nateka.md\/product\/effecol-3350\/#primaryimage\"},\"thumbnailUrl\":\"https:\/\/nateka.md\/wp-content\/uploads\/2025\/03\/effecol-f.png\",\"datePublished\":\"2025-03-31T15:54:23+00:00\",\"dateModified\":\"2025-05-13T12:16:59+00:00\",\"description\":\"EFFECOL (Macrogol 3350) este un dispozitiv medical laxative care, printr-o ac\u0163iune osmotic\u0103, reguleaz\u0103 intestinele \u00eentru-un mod natural\",\"breadcrumb\":{\"@id\":\"https:\/\/nateka.md\/product\/effecol-3350\/#breadcrumb\"},\"inLanguage\":\"ru-RU\",\"potentialAction\":[{\"@type\":\"ReadAction\",\"target\":[\"https:\/\/nateka.md\/product\/effecol-3350\/\"]}]},{\"@type\":\"ImageObject\",\"inLanguage\":\"ru-RU\",\"@id\":\"https:\/\/nateka.md\/product\/effecol-3350\/#primaryimage\",\"url\":\"https:\/\/nateka.md\/wp-content\/uploads\/2025\/03\/effecol-f.png\",\"contentUrl\":\"https:\/\/nateka.md\/wp-content\/uploads\/2025\/03\/effecol-f.png\",\"width\":800,\"height\":800},{\"@type\":\"BreadcrumbList\",\"@id\":\"https:\/\/nateka.md\/product\/effecol-3350\/#breadcrumb\",\"itemListElement\":[{\"@type\":\"ListItem\",\"position\":1,\"name\":\"Home\",\"item\":\"https:\/\/nateka.md\/\"},{\"@type\":\"ListItem\",\"position\":2,\"name\":\"TOATE PRODUSELE\",\"item\":\"https:\/\/nateka.md\/shop\/\"},{\"@type\":\"ListItem\",\"position\":3,\"name\":\"Effecol 3350\"}]},{\"@type\":\"WebSite\",\"@id\":\"https:\/\/nateka.md\/#website\",\"url\":\"https:\/\/nateka.md\/\",\"name\":\"Nateka.MD\",\"description\":\"prosperitate prin s\u0103n\u0103tate\",\"publisher\":{\"@id\":\"https:\/\/nateka.md\/#organization\"},\"potentialAction\":[{\"@type\":\"SearchAction\",\"target\":{\"@type\":\"EntryPoint\",\"urlTemplate\":\"https:\/\/nateka.md\/?s={search_term_string}\"},\"query-input\":{\"@type\":\"PropertyValueSpecification\",\"valueRequired\":true,\"valueName\":\"search_term_string\"}}],\"inLanguage\":\"ru-RU\"},{\"@type\":\"Organization\",\"@id\":\"https:\/\/nateka.md\/#organization\",\"name\":\"Nateka - prosperitate prin s\u0103n\u0103tate\",\"url\":\"https:\/\/nateka.md\/\",\"logo\":{\"@type\":\"ImageObject\",\"inLanguage\":\"ru-RU\",\"@id\":\"https:\/\/nateka.md\/#\/schema\/logo\/image\/\",\"url\":\"https:\/\/nateka.md\/wp-content\/uploads\/2025\/03\/nateka-logotip.png\",\"contentUrl\":\"https:\/\/nateka.md\/wp-content\/uploads\/2025\/03\/nateka-logotip.png\",\"width\":1366,\"height\":768,\"caption\":\"Nateka - prosperitate prin s\u0103n\u0103tate\"},\"image\":{\"@id\":\"https:\/\/nateka.md\/#\/schema\/logo\/image\/\"},\"sameAs\":[\"https:\/\/www.facebook.com\/prosanitasfarm\",\"https:\/\/www.instagram.com\/prosanitasfarmsrl\/\"],\"hasMerchantReturnPolicy\":{\"@type\":\"MerchantReturnPolicy\",\"merchantReturnLink\":\"https:\/\/nateka.md\/ru\/termeni-si-conditii\/\"}}]}<\/script>\n<meta property=\"product:brand\" content=\"SIIT ITALIA\" \/>\n<meta property=\"og:availability\" content=\"instock\" \/>\n<meta property=\"product:availability\" content=\"instock\" \/>\n<meta property=\"product:condition\" content=\"new\" \/>\n<!-- \/ Yoast SEO Premium plugin. -->","yoast_head_json":{"title":"Effecol 3350 - Nateka.MD","description":"EFFECOL (Macrogol 3350) este un dispozitiv medical laxative care, printr-o ac\u0163iune osmotic\u0103, reguleaz\u0103 intestinele \u00eentru-un mod natural","robots":{"index":"index","follow":"follow","max-snippet":"max-snippet:-1","max-image-preview":"max-image-preview:large","max-video-preview":"max-video-preview:-1"},"canonical":"https:\/\/nateka.md\/ru\/product\/effecol-3350\/","og_locale":"ru_RU","og_type":"article","og_title":"Effecol 3350","og_description":"EFFECOL (Macrogol 3350) este un dispozitiv medical laxative care, printr-o ac\u0163iune osmotic\u0103, reguleaz\u0103 intestinele \u00eentru-un mod natural","og_url":"https:\/\/nateka.md\/ru\/product\/effecol-3350\/","og_site_name":"Nateka.MD","article_publisher":"https:\/\/www.facebook.com\/prosanitasfarm","article_modified_time":"2025-05-13T12:16:59+00:00","og_image":[{"width":800,"height":800,"url":"https:\/\/nateka.md\/wp-content\/uploads\/2025\/03\/effecol-f.png","type":"image\/png"}],"twitter_card":"summary_large_image","twitter_misc":{"\u0414\u043e\u0441\u0442\u0443\u043f\u043d\u043e\u0441\u0442\u044c":"\u0412 \u043d\u0430\u043b\u0438\u0447\u0438\u0438"},"schema":{"@context":"https:\/\/schema.org","@graph":[{"@type":"WebPage","@id":"https:\/\/nateka.md\/product\/effecol-3350\/","url":"https:\/\/nateka.md\/product\/effecol-3350\/","name":"Effecol 3350 - Nateka.MD","isPartOf":{"@id":"https:\/\/nateka.md\/#website"},"primaryImageOfPage":{"@id":"https:\/\/nateka.md\/product\/effecol-3350\/#primaryimage"},"image":{"@id":"https:\/\/nateka.md\/product\/effecol-3350\/#primaryimage"},"thumbnailUrl":"https:\/\/nateka.md\/wp-content\/uploads\/2025\/03\/effecol-f.png","datePublished":"2025-03-31T15:54:23+00:00","dateModified":"2025-05-13T12:16:59+00:00","description":"EFFECOL (Macrogol 3350) este un dispozitiv medical laxative care, printr-o ac\u0163iune osmotic\u0103, reguleaz\u0103 intestinele \u00eentru-un mod natural","breadcrumb":{"@id":"https:\/\/nateka.md\/product\/effecol-3350\/#breadcrumb"},"inLanguage":"ru-RU","potentialAction":[{"@type":"ReadAction","target":["https:\/\/nateka.md\/product\/effecol-3350\/"]}]},{"@type":"ImageObject","inLanguage":"ru-RU","@id":"https:\/\/nateka.md\/product\/effecol-3350\/#primaryimage","url":"https:\/\/nateka.md\/wp-content\/uploads\/2025\/03\/effecol-f.png","contentUrl":"https:\/\/nateka.md\/wp-content\/uploads\/2025\/03\/effecol-f.png","width":800,"height":800},{"@type":"BreadcrumbList","@id":"https:\/\/nateka.md\/product\/effecol-3350\/#breadcrumb","itemListElement":[{"@type":"ListItem","position":1,"name":"Home","item":"https:\/\/nateka.md\/"},{"@type":"ListItem","position":2,"name":"TOATE PRODUSELE","item":"https:\/\/nateka.md\/shop\/"},{"@type":"ListItem","position":3,"name":"Effecol 3350"}]},{"@type":"WebSite","@id":"https:\/\/nateka.md\/#website","url":"https:\/\/nateka.md\/","name":"Nateka.MD","description":"prosperitate prin s\u0103n\u0103tate","publisher":{"@id":"https:\/\/nateka.md\/#organization"},"potentialAction":[{"@type":"SearchAction","target":{"@type":"EntryPoint","urlTemplate":"https:\/\/nateka.md\/?s={search_term_string}"},"query-input":{"@type":"PropertyValueSpecification","valueRequired":true,"valueName":"search_term_string"}}],"inLanguage":"ru-RU"},{"@type":"Organization","@id":"https:\/\/nateka.md\/#organization","name":"Nateka - prosperitate prin s\u0103n\u0103tate","url":"https:\/\/nateka.md\/","logo":{"@type":"ImageObject","inLanguage":"ru-RU","@id":"https:\/\/nateka.md\/#\/schema\/logo\/image\/","url":"https:\/\/nateka.md\/wp-content\/uploads\/2025\/03\/nateka-logotip.png","contentUrl":"https:\/\/nateka.md\/wp-content\/uploads\/2025\/03\/nateka-logotip.png","width":1366,"height":768,"caption":"Nateka - prosperitate prin s\u0103n\u0103tate"},"image":{"@id":"https:\/\/nateka.md\/#\/schema\/logo\/image\/"},"sameAs":["https:\/\/www.facebook.com\/prosanitasfarm","https:\/\/www.instagram.com\/prosanitasfarmsrl\/"],"hasMerchantReturnPolicy":{"@type":"MerchantReturnPolicy","merchantReturnLink":"https:\/\/nateka.md\/ru\/termeni-si-conditii\/"}}]},"product_brand":"SIIT ITALIA","og_availability":"instock","product_availability":"instock","product_condition":"new"},"_links":{"self":[{"href":"https:\/\/nateka.md\/ru\/wp-json\/wp\/v2\/product\/3988","targetHints":{"allow":["GET"]}}],"collection":[{"href":"https:\/\/nateka.md\/ru\/wp-json\/wp\/v2\/product"}],"about":[{"href":"https:\/\/nateka.md\/ru\/wp-json\/wp\/v2\/types\/product"}],"wp:featuredmedia":[{"embeddable":true,"href":"https:\/\/nateka.md\/ru\/wp-json\/wp\/v2\/media\/4820"}],"wp:attachment":[{"href":"https:\/\/nateka.md\/ru\/wp-json\/wp\/v2\/media?parent=3988"}],"wp:term":[{"taxonomy":"product_cat","embeddable":true,"href":"https:\/\/nateka.md\/ru\/wp-json\/wp\/v2\/product_cat?post=3988"},{"taxonomy":"product_tag","embeddable":true,"href":"https:\/\/nateka.md\/ru\/wp-json\/wp\/v2\/product_tag?post=3988"}],"curies":[{"name":"wp","href":"https:\/\/api.w.org\/{rel}","templated":true}]}}