{"id":5486,"date":"2025-04-09T11:24:17","date_gmt":"2025-04-09T11:24:17","guid":{"rendered":"https:\/\/nateka.md\/?post_type=product&#038;p=5486"},"modified":"2025-07-17T08:20:20","modified_gmt":"2025-07-17T08:20:20","slug":"stressnol-solemax-neuro","status":"publish","type":"product","link":"https:\/\/nateka.md\/ru\/product\/stressnol-solemax-neuro\/","title":{"rendered":"STRESSNOL + SOLEMAX NEURO"},"content":{"rendered":"<p><b>STRESSNOL + SOLEMAX\u00a0<\/b><\/p>\n<p><span style=\"font-weight: 400;\">STRESSNOL (60 \u043a\u0430\u043f\u0441\u0443\u043b) + SOLEMAX NEURO (30 \u043a\u0430\u043f\u0441\u0443\u043b)\u00a0<\/span><\/p>\n<p><b>\u0418\u0434\u0435\u0430\u043b\u044c\u043d\u043e\u0435 \u0441\u043e\u0447\u0435\u0442\u0430\u043d\u0438\u0435 \u0434\u043b\u044f \u043f\u043e\u0434\u0434\u0435\u0440\u0436\u0430\u043d\u0438\u044f \u043f\u0441\u0438\u0445\u0438\u0447\u0435\u0441\u043a\u043e\u0433\u043e \u0437\u0434\u043e\u0440\u043e\u0432\u044c\u044f\u00a0<\/b><\/p>\n<p><span style=\"font-weight: 400;\">\u041d\u0430\u0442\u0443\u0440\u0430\u043b\u044c\u043d\u0430\u044f \u0431\u0438\u043e\u043b\u043e\u0433\u0438\u0447\u0435\u0441\u043a\u0438 \u0430\u043a\u0442\u0438\u0432\u043d\u0430\u044f \u0434\u043e\u0431\u0430\u0432\u043a\u0430, \u043f\u043e\u0434\u0434\u0435\u0440\u0436\u0438\u0432\u0430\u044e\u0449\u0430\u044f \u0437\u0434\u043e\u0440\u043e\u0432\u044c\u0435 \u043d\u0435\u0440\u0432\u043d\u043e\u0439 \u0441\u0438\u0441\u0442\u0435\u043c\u044b, \u0441\u043f\u043e\u0441\u043e\u0431\u0441\u0442\u0432\u0443\u044e\u0449\u0430\u044f \u0430\u0434\u0430\u043f\u0442\u0430\u0446\u0438\u0438 \u043a \u044d\u043c\u043e\u0446\u0438\u043e\u043d\u0430\u043b\u044c\u043d\u043e\u043c\u0443 \u0441\u0442\u0440\u0435\u0441\u0441\u0443 \u0438 \u0443\u043b\u0443\u0447\u0448\u0430\u044e\u0449\u0430\u044f \u043d\u0430\u0441\u0442\u0440\u043e\u0435\u043d\u0438\u0435.\u00a0\u00a0<\/span><\/p>\n<p><b>\u0421\u043e\u0441\u0442\u0430\u0432<\/b><span style=\"font-weight: 400;\">:<\/span><\/p>\n<ul>\n<li style=\"font-weight: 400;\" aria-level=\"1\"><span style=\"font-weight: 400;\">L-\u0422\u0440\u0438\u043f\u0442\u043e\u0444\u0430\u043d \u2013 100 \u043c\u0433\u00a0<\/span><\/li>\n<li style=\"font-weight: 400;\" aria-level=\"1\"><span style=\"font-weight: 400;\">\u041c\u0430\u0433\u043d\u0438\u0439 \u2013 150 \u043c\u0433\u00a0<\/span><\/li>\n<li style=\"font-weight: 400;\" aria-level=\"1\"><span style=\"font-weight: 400;\">\u042d\u043a\u0441\u0442\u0440\u0430\u043a\u0442 \u0432\u0430\u043b\u0435\u0440\u0438\u0430\u043d\u044b \u2013 100 \u043c\u0433<\/span><\/li>\n<li style=\"font-weight: 400;\" aria-level=\"1\"><span style=\"font-weight: 400;\">\u042d\u043a\u0441\u0442\u0440\u0430\u043a\u0442 \u043a\u0430\u043a\u0430\u043e \u2013 50 \u043c\u0433\u00a0<\/span><\/li>\n<li style=\"font-weight: 400;\" aria-level=\"1\"><span style=\"font-weight: 400;\">\u042d\u043a\u0441\u0442\u0440\u0430\u043a\u0442 \u0445\u043c\u0435\u043b\u044f \u2013 30 \u043c\u0433\u00a0<\/span><\/li>\n<\/ul>\n<p><span style=\"font-weight: 400;\">\u041a\u0430\u043a \u0438\u0441\u043f\u043e\u043b\u044c\u0437\u043e\u0432\u0430\u0442\u044c:<\/span><b> \u041f\u0440\u0438\u043d\u0438\u043c\u0430\u0442\u044c \u043f\u043e 2\u20133 \u043a\u0430\u043f\u0441\u0443\u043b\u044b \u0432 \u0434\u0435\u043d\u044c \u0432 \u0442\u0435\u0447\u0435\u043d\u0438\u0435 7\u201330 \u0434\u043d\u0435\u0439.\n\u041f\u043e\u0434\u0445\u043e\u0434\u0438\u0442 \u0434\u043b\u044f \u0432\u0437\u0440\u043e\u0441\u043b\u044b\u0445 \u0438 \u0434\u0435\u0442\u0435\u0439 \u0441 12 \u043b\u0435\u0442.<\/b><\/p>\n<p><span style=\"font-weight: 400;\">\u0421\u043e\u0432\u0440\u0435\u043c\u0435\u043d\u043d\u0430\u044f \u0434\u043e\u0431\u0430\u0432\u043a\u0430, \u0441\u043e\u0447\u0435\u0442\u0430\u044e\u0449\u0430\u044f \u0430\u043c\u0438\u043d\u043e\u043a\u0438\u0441\u043b\u043e\u0442\u044b, \u043c\u0438\u043d\u0435\u0440\u0430\u043b\u044b \u0438 \u0440\u0430\u0441\u0442\u0438\u0442\u0435\u043b\u044c\u043d\u044b\u0435 \u044d\u043a\u0441\u0442\u0440\u0430\u043a\u0442\u044b \u0434\u043b\u044f \u043f\u043e\u0434\u0434\u0435\u0440\u0436\u043a\u0438 \u043a\u043e\u0433\u043d\u0438\u0442\u0438\u0432\u043d\u044b\u0445 \u0444\u0443\u043d\u043a\u0446\u0438\u0439, \u0443\u043b\u0443\u0447\u0448\u0435\u043d\u0438\u044f \u043f\u0430\u043c\u044f\u0442\u0438 \u0438 \u043e\u043f\u0442\u0438\u043c\u0438\u0437\u0430\u0446\u0438\u0438 \u043c\u043e\u0437\u0433\u043e\u0432\u043e\u0433\u043e \u043a\u0440\u043e\u0432\u043e\u043e\u0431\u0440\u0430\u0449\u0435\u043d\u0438\u044f.<\/span><\/p>\n<ul>\n<li><b>\u0424\u0435\u043d\u0438\u043b\u0430\u043b\u0430\u043d\u0438\u043d<\/b><span style=\"font-weight: 400;\"> \u0441\u043f\u043e\u0441\u043e\u0431\u0441\u0442\u0432\u0443\u0435\u0442 \u0432\u044b\u0440\u0430\u0431\u043e\u0442\u043a\u0435 \u0434\u043e\u0444\u0430\u043c\u0438\u043d\u0430 <\/span><b>\u0424\u043e\u0441\u0444\u0430\u0442\u0438\u0434\u0438\u043b\u0441\u0435\u0440\u0438\u043d<\/b><span style=\"font-weight: 400;\"> \u2014 \u0443\u043b\u0443\u0447\u0448\u0430\u0435\u0442 \u043f\u0435\u0440\u0435\u0434\u0430\u0447\u0443 \u043d\u0435\u0440\u0432\u043d\u044b\u0445 \u0438\u043c\u043f\u0443\u043b\u044c\u0441\u043e\u0432 <\/span><b>\u0413\u0438\u043d\u043a\u0433\u043e \u0411\u0438\u043b\u043e\u0431\u0430<\/b><span style=\"font-weight: 400;\"> \u2014 \u0441\u043d\u0438\u0436\u0430\u0435\u0442 \u043e\u0431\u0440\u0430\u0442\u043d\u044b\u0439 \u0437\u0430\u0445\u0432\u0430\u0442 \u0434\u043e\u0444\u0430\u043c\u0438\u043d\u0430, \u043f\u043e\u0432\u044b\u0448\u0430\u044f \u043a\u043e\u043d\u0446\u0435\u043d\u0442\u0440\u0430\u0446\u0438\u044e <\/span><b>L-\u0430\u0440\u0433\u0438\u043d\u0438\u043d<\/b><span style=\"font-weight: 400;\"> \u2014 \u0441\u043f\u043e\u0441\u043e\u0431\u0441\u0442\u0432\u0443\u0435\u0442 \u0432\u044b\u0440\u0430\u0431\u043e\u0442\u043a\u0435 \u043e\u043a\u0441\u0438\u0434\u0430 \u0430\u0437\u043e\u0442\u0430 (NO), \u0440\u0430\u0441\u0448\u0438\u0440\u044f\u044f \u0441\u043e\u0441\u0443\u0434\u044b \u0438 \u0443\u043b\u0443\u0447\u0448\u0430\u044f \u043a\u0440\u043e\u0432\u043e\u043e\u0431\u0440\u0430\u0449\u0435\u043d\u0438\u0435<\/span><\/li>\n<\/ul>\n<p><b>\u0421\u043e\u0441\u0442\u0430\u0432<\/b><span style=\"font-weight: 400;\"> \u041e\u043a\u0441\u0438\u0434 \u043c\u0430\u0433\u043d\u0438\u044f \u2013 150 \u043c\u0433<\/span><span style=\"font-weight: 400;\"><br \/>\n<\/span><span style=\"font-weight: 400;\">L-\u0430\u0440\u0433\u0438\u043d\u0438\u043d\u0430 \u0433\u0438\u0434\u0440\u043e\u0445\u043b\u043e\u0440\u0438\u0434 \u2013 100 \u043c\u0433<\/span><span style=\"font-weight: 400;\"><br \/>\n<\/span><span style=\"font-weight: 400;\">\u0424\u0435\u043d\u0438\u043b\u0430\u043b\u0430\u043d\u0438\u043d \u2013 100 \u043c\u0433<\/span><span style=\"font-weight: 400;\"><br \/>\n<\/span><span style=\"font-weight: 400;\">\u0421\u0442\u0430\u043d\u0434\u0430\u0440\u0442\u0438\u0437\u0438\u0440\u043e\u0432\u0430\u043d\u043d\u044b\u0439 \u044d\u043a\u0441\u0442\u0440\u0430\u043a\u0442 \u0413\u0438\u043d\u043a\u0433\u043e \u0411\u0438\u043b\u043e\u0431\u0430 \u2013 60 \u043c\u0433<\/span><span style=\"font-weight: 400;\"><br \/>\n<\/span><span style=\"font-weight: 400;\">\u0424\u043e\u0441\u0444\u0430\u0442\u0438\u0434\u0438\u043b\u0441\u0435\u0440\u0438\u043d \u2013 30 \u043c\u0433<\/span><\/p>\n<p><b>\u041a\u0430\u043a \u0438\u0441\u043f\u043e\u043b\u044c\u0437\u043e\u0432\u0430\u0442\u044c:<\/b><\/p>\n<ul>\n<li style=\"font-weight: 400;\" aria-level=\"1\"><span style=\"font-weight: 400;\">\u041f\u0440\u0438 \u043b\u0451\u0433\u043a\u0438\u0445 \u043d\u0430\u0440\u0443\u0448\u0435\u043d\u0438\u044f\u0445: \u043f\u043e 1 \u043a\u0430\u043f\u0441\u0443\u043b\u0435 \u0432 \u0434\u0435\u043d\u044c<\/span><\/li>\n<li style=\"font-weight: 400;\" aria-level=\"1\"><span style=\"font-weight: 400;\">\u041f\u0440\u0438 \u0443\u043c\u0435\u0440\u0435\u043d\u043d\u044b\u0445 \u043d\u0430\u0440\u0443\u0448\u0435\u043d\u0438\u044f\u0445: \u043f\u043e 1 \u043a\u0430\u043f\u0441\u0443\u043b\u0435 2\u20133 \u0440\u0430\u0437\u0430 \u0432 \u0434\u0435\u043d\u044c \u0432\u043e \u0432\u0440\u0435\u043c\u044f \u0438\u043b\u0438 \u043f\u043e\u0441\u043b\u0435 \u0435\u0434\u044b<\/span><span style=\"font-weight: 400;\"><br \/>\n<\/span><span style=\"font-weight: 400;\">\u0420\u0435\u043a\u043e\u043c\u0435\u043d\u0434\u0443\u0435\u043c\u0430\u044f \u043f\u0440\u043e\u0434\u043e\u043b\u0436\u0438\u0442\u0435\u043b\u044c\u043d\u043e\u0441\u0442\u044c \u043f\u0440\u0438\u0451\u043c\u0430: 1\u20133 \u043c\u0435\u0441\u044f\u0446\u0430.<\/span><\/li>\n<\/ul>\n<p><b>\u041f\u0440\u043e\u0438\u0437\u0432\u043e\u0434\u0438\u0442\u0435\u043b\u044c:<\/b><span style=\"font-weight: 400;\"> Sole Pharma (\u041b\u0430\u0442\u0432\u0438\u044f)<\/span><\/p>\n<p><span style=\"font-weight: 400;\">\u0411\u0410\u0414 (\u0431\u0438\u043e\u043b\u043e\u0433\u0438\u0447\u0435\u0441\u043a\u0438 \u0430\u043a\u0442\u0438\u0432\u043d\u0430\u044f \u0434\u043e\u0431\u0430\u0432\u043a\u0430)\u00a0<\/span><\/p>\n<p>&nbsp;<\/p>\n<p><span style=\"font-weight: 400;\">\u0414\u043b\u044f \u043f\u043e\u043b\u0443\u0447\u0435\u043d\u0438\u044f \u0438\u043d\u0444\u043e\u0440\u043c\u0430\u0446\u0438\u0438 \u043e \u043f\u0440\u043e\u0442\u0438\u0432\u043e\u043f\u043e\u043a\u0430\u0437\u0430\u043d\u0438\u044f\u0445, \u043f\u043e\u0431\u043e\u0447\u043d\u044b\u0445 \u044d\u0444\u0444\u0435\u043a\u0442\u0430\u0445, \u0443\u0441\u043b\u043e\u0432\u0438\u044f\u0445 \u0445\u0440\u0430\u043d\u0435\u043d\u0438\u044f \u0438 \u0441\u043f\u043e\u0441\u043e\u0431\u0435 \u043f\u0440\u0438\u043c\u0435\u043d\u0435\u043d\u0438\u044f \u0432\u043d\u0438\u043c\u0430\u0442\u0435\u043b\u044c\u043d\u043e <\/span><b>\u043f\u0440\u043e\u0447\u0438\u0442\u0430\u0439\u0442\u0435 \u0438\u043d\u0441\u0442\u0440\u0443\u043a\u0446\u0438\u044e \u0438\u043b\u0438 \u0438\u043d\u0444\u043e\u0440\u043c\u0430\u0446\u0438\u044e \u043d\u0430 \u0443\u043f\u0430\u043a\u043e\u0432\u043a\u0435.\u00a0<\/b><\/p>","protected":false},"excerpt":{"rendered":"<p>STRESSNOL + SOLEMAX\u00a0 STRESSNOL capsule N60 + SOLEMAX capsule N30\u00a0 O combina\u021bie perfect\u0103 pentru s\u0103n\u0103tate mintal\u0103\u00a0 Stressnol este un supliment natural care sus\u021bine s\u0103n\u0103tatea sistemului nervos, favorizeaz\u0103 adaptabilitatea \u00een fa\u021ba stresului emo\u021bional \u0219i \u00eembun\u0103t\u0103\u021be\u0219te starea de spirit. Acesta cre\u0219te rezisten\u021ba mental\u0103 \u0219i capacitatea de concentrare, ajut\u00e2nd la o mai bun\u0103 gestionare a activit\u0103\u021bilor zilnice. Cu [&hellip;]<\/p>","protected":false},"featured_media":5542,"template":"","meta":[],"product_cat":[15],"product_tag":[],"class_list":{"0":"post-5486","1":"product","2":"type-product","3":"status-publish","4":"has-post-thumbnail","6":"product_cat-pachete","8":"first","9":"instock","10":"sale","11":"taxable","12":"shipping-taxable","13":"purchasable","14":"product-type-woosb"},"yoast_head":"<!-- This site is optimized with the Yoast SEO Premium plugin v24.5 (Yoast SEO v26.4) - https:\/\/yoast.com\/wordpress\/plugins\/seo\/ -->\n<title>STRESSNOL + SOLEMAX NEURO - Nateka.MD<\/title>\n<meta name=\"description\" content=\"Combina\u021bie ideal\u0103 pentru s\u0103n\u0103tate mintal\u0103: Stressnol sus\u021bine sistemul nervos, reduce stresul emo\u021bional \u0219i \u00eembun\u0103t\u0103\u021be\u0219te starea de spirit.\" \/>\n<meta name=\"robots\" content=\"index, follow, max-snippet:-1, max-image-preview:large, max-video-preview:-1\" \/>\n<link rel=\"canonical\" href=\"https:\/\/nateka.md\/ru\/product\/stressnol-solemax-neuro\/\" \/>\n<meta property=\"og:locale\" content=\"ru_RU\" \/>\n<meta property=\"og:type\" content=\"article\" \/>\n<meta property=\"og:title\" content=\"STRESSNOL + SOLEMAX NEURO\" \/>\n<meta property=\"og:description\" content=\"Combina\u021bie ideal\u0103 pentru s\u0103n\u0103tate mintal\u0103: Stressnol sus\u021bine sistemul nervos, reduce stresul emo\u021bional \u0219i \u00eembun\u0103t\u0103\u021be\u0219te starea de spirit.\" \/>\n<meta property=\"og:url\" content=\"https:\/\/nateka.md\/ru\/product\/stressnol-solemax-neuro\/\" \/>\n<meta property=\"og:site_name\" content=\"Nateka.MD\" \/>\n<meta property=\"article:publisher\" content=\"https:\/\/www.facebook.com\/prosanitasfarm\" \/>\n<meta property=\"article:modified_time\" content=\"2025-07-17T08:20:20+00:00\" \/>\n<meta property=\"og:image\" content=\"https:\/\/nateka.md\/wp-content\/uploads\/2025\/04\/STRESSNOLSOLEMAX1.png\" \/>\n\t<meta property=\"og:image:width\" content=\"800\" \/>\n\t<meta property=\"og:image:height\" content=\"800\" \/>\n\t<meta property=\"og:image:type\" content=\"image\/png\" \/>\n<meta name=\"twitter:card\" content=\"summary_large_image\" \/>\n<meta name=\"twitter:label1\" content=\"\u0426\u0435\u043d\u0430\" \/>\n\t<meta name=\"twitter:data1\" content=\"247,10&nbsp;MDL\" \/>\n\t<meta name=\"twitter:label2\" content=\"\u0414\u043e\u0441\u0442\u0443\u043f\u043d\u043e\u0441\u0442\u044c\" \/>\n\t<meta name=\"twitter:data2\" content=\"\u0412 \u043d\u0430\u043b\u0438\u0447\u0438\u0438\" \/>\n<script type=\"application\/ld+json\" class=\"yoast-schema-graph\">{\"@context\":\"https:\/\/schema.org\",\"@graph\":[{\"@type\":\"WebPage\",\"@id\":\"https:\/\/nateka.md\/product\/stressnol-solemax-neuro\/\",\"url\":\"https:\/\/nateka.md\/product\/stressnol-solemax-neuro\/\",\"name\":\"STRESSNOL + SOLEMAX NEURO - Nateka.MD\",\"isPartOf\":{\"@id\":\"https:\/\/nateka.md\/#website\"},\"primaryImageOfPage\":{\"@id\":\"https:\/\/nateka.md\/product\/stressnol-solemax-neuro\/#primaryimage\"},\"image\":{\"@id\":\"https:\/\/nateka.md\/product\/stressnol-solemax-neuro\/#primaryimage\"},\"thumbnailUrl\":\"https:\/\/nateka.md\/wp-content\/uploads\/2025\/04\/STRESSNOLSOLEMAX1.png\",\"datePublished\":\"2025-04-09T11:24:17+00:00\",\"dateModified\":\"2025-07-17T08:20:20+00:00\",\"description\":\"Combina\u021bie ideal\u0103 pentru s\u0103n\u0103tate mintal\u0103: Stressnol sus\u021bine sistemul nervos, reduce stresul emo\u021bional \u0219i \u00eembun\u0103t\u0103\u021be\u0219te starea de spirit.\",\"breadcrumb\":{\"@id\":\"https:\/\/nateka.md\/product\/stressnol-solemax-neuro\/#breadcrumb\"},\"inLanguage\":\"ru-RU\",\"potentialAction\":[{\"@type\":\"ReadAction\",\"target\":[\"https:\/\/nateka.md\/product\/stressnol-solemax-neuro\/\"]}]},{\"@type\":\"ImageObject\",\"inLanguage\":\"ru-RU\",\"@id\":\"https:\/\/nateka.md\/product\/stressnol-solemax-neuro\/#primaryimage\",\"url\":\"https:\/\/nateka.md\/wp-content\/uploads\/2025\/04\/STRESSNOLSOLEMAX1.png\",\"contentUrl\":\"https:\/\/nateka.md\/wp-content\/uploads\/2025\/04\/STRESSNOLSOLEMAX1.png\",\"width\":800,\"height\":800},{\"@type\":\"BreadcrumbList\",\"@id\":\"https:\/\/nateka.md\/product\/stressnol-solemax-neuro\/#breadcrumb\",\"itemListElement\":[{\"@type\":\"ListItem\",\"position\":1,\"name\":\"Home\",\"item\":\"https:\/\/nateka.md\/\"},{\"@type\":\"ListItem\",\"position\":2,\"name\":\"TOATE PRODUSELE\",\"item\":\"https:\/\/nateka.md\/shop\/\"},{\"@type\":\"ListItem\",\"position\":3,\"name\":\"STRESSNOL + SOLEMAX NEURO\"}]},{\"@type\":\"WebSite\",\"@id\":\"https:\/\/nateka.md\/#website\",\"url\":\"https:\/\/nateka.md\/\",\"name\":\"Nateka.MD\",\"description\":\"prosperitate prin s\u0103n\u0103tate\",\"publisher\":{\"@id\":\"https:\/\/nateka.md\/#organization\"},\"potentialAction\":[{\"@type\":\"SearchAction\",\"target\":{\"@type\":\"EntryPoint\",\"urlTemplate\":\"https:\/\/nateka.md\/?s={search_term_string}\"},\"query-input\":{\"@type\":\"PropertyValueSpecification\",\"valueRequired\":true,\"valueName\":\"search_term_string\"}}],\"inLanguage\":\"ru-RU\"},{\"@type\":\"Organization\",\"@id\":\"https:\/\/nateka.md\/#organization\",\"name\":\"Nateka - prosperitate prin s\u0103n\u0103tate\",\"url\":\"https:\/\/nateka.md\/\",\"logo\":{\"@type\":\"ImageObject\",\"inLanguage\":\"ru-RU\",\"@id\":\"https:\/\/nateka.md\/#\/schema\/logo\/image\/\",\"url\":\"https:\/\/nateka.md\/wp-content\/uploads\/2025\/03\/nateka-logotip.png\",\"contentUrl\":\"https:\/\/nateka.md\/wp-content\/uploads\/2025\/03\/nateka-logotip.png\",\"width\":1366,\"height\":768,\"caption\":\"Nateka - prosperitate prin s\u0103n\u0103tate\"},\"image\":{\"@id\":\"https:\/\/nateka.md\/#\/schema\/logo\/image\/\"},\"sameAs\":[\"https:\/\/www.facebook.com\/prosanitasfarm\",\"https:\/\/www.instagram.com\/prosanitasfarmsrl\/\"],\"hasMerchantReturnPolicy\":{\"@type\":\"MerchantReturnPolicy\",\"merchantReturnLink\":\"https:\/\/nateka.md\/ru\/termeni-si-conditii\/\"}}]}<\/script>\n<meta property=\"product:price:amount\" content=\"247.10\" \/>\n<meta property=\"product:price:currency\" content=\"MDL\" \/>\n<meta property=\"og:availability\" content=\"instock\" \/>\n<meta property=\"product:availability\" content=\"instock\" \/>\n<meta property=\"product:condition\" content=\"new\" \/>\n<!-- \/ Yoast SEO Premium plugin. -->","yoast_head_json":{"title":"STRESSNOL + SOLEMAX NEURO - Nateka.MD","description":"Combina\u021bie ideal\u0103 pentru s\u0103n\u0103tate mintal\u0103: Stressnol sus\u021bine sistemul nervos, reduce stresul emo\u021bional \u0219i \u00eembun\u0103t\u0103\u021be\u0219te starea de spirit.","robots":{"index":"index","follow":"follow","max-snippet":"max-snippet:-1","max-image-preview":"max-image-preview:large","max-video-preview":"max-video-preview:-1"},"canonical":"https:\/\/nateka.md\/ru\/product\/stressnol-solemax-neuro\/","og_locale":"ru_RU","og_type":"article","og_title":"STRESSNOL + SOLEMAX NEURO","og_description":"Combina\u021bie ideal\u0103 pentru s\u0103n\u0103tate mintal\u0103: Stressnol sus\u021bine sistemul nervos, reduce stresul emo\u021bional \u0219i \u00eembun\u0103t\u0103\u021be\u0219te starea de spirit.","og_url":"https:\/\/nateka.md\/ru\/product\/stressnol-solemax-neuro\/","og_site_name":"Nateka.MD","article_publisher":"https:\/\/www.facebook.com\/prosanitasfarm","article_modified_time":"2025-07-17T08:20:20+00:00","og_image":[{"width":800,"height":800,"url":"https:\/\/nateka.md\/wp-content\/uploads\/2025\/04\/STRESSNOLSOLEMAX1.png","type":"image\/png"}],"twitter_card":"summary_large_image","twitter_misc":{"\u0426\u0435\u043d\u0430":"247,10&nbsp;MDL","\u0414\u043e\u0441\u0442\u0443\u043f\u043d\u043e\u0441\u0442\u044c":"\u0412 \u043d\u0430\u043b\u0438\u0447\u0438\u0438"},"schema":{"@context":"https:\/\/schema.org","@graph":[{"@type":"WebPage","@id":"https:\/\/nateka.md\/product\/stressnol-solemax-neuro\/","url":"https:\/\/nateka.md\/product\/stressnol-solemax-neuro\/","name":"STRESSNOL + SOLEMAX NEURO - Nateka.MD","isPartOf":{"@id":"https:\/\/nateka.md\/#website"},"primaryImageOfPage":{"@id":"https:\/\/nateka.md\/product\/stressnol-solemax-neuro\/#primaryimage"},"image":{"@id":"https:\/\/nateka.md\/product\/stressnol-solemax-neuro\/#primaryimage"},"thumbnailUrl":"https:\/\/nateka.md\/wp-content\/uploads\/2025\/04\/STRESSNOLSOLEMAX1.png","datePublished":"2025-04-09T11:24:17+00:00","dateModified":"2025-07-17T08:20:20+00:00","description":"Combina\u021bie ideal\u0103 pentru s\u0103n\u0103tate mintal\u0103: Stressnol sus\u021bine sistemul nervos, reduce stresul emo\u021bional \u0219i \u00eembun\u0103t\u0103\u021be\u0219te starea de spirit.","breadcrumb":{"@id":"https:\/\/nateka.md\/product\/stressnol-solemax-neuro\/#breadcrumb"},"inLanguage":"ru-RU","potentialAction":[{"@type":"ReadAction","target":["https:\/\/nateka.md\/product\/stressnol-solemax-neuro\/"]}]},{"@type":"ImageObject","inLanguage":"ru-RU","@id":"https:\/\/nateka.md\/product\/stressnol-solemax-neuro\/#primaryimage","url":"https:\/\/nateka.md\/wp-content\/uploads\/2025\/04\/STRESSNOLSOLEMAX1.png","contentUrl":"https:\/\/nateka.md\/wp-content\/uploads\/2025\/04\/STRESSNOLSOLEMAX1.png","width":800,"height":800},{"@type":"BreadcrumbList","@id":"https:\/\/nateka.md\/product\/stressnol-solemax-neuro\/#breadcrumb","itemListElement":[{"@type":"ListItem","position":1,"name":"Home","item":"https:\/\/nateka.md\/"},{"@type":"ListItem","position":2,"name":"TOATE PRODUSELE","item":"https:\/\/nateka.md\/shop\/"},{"@type":"ListItem","position":3,"name":"STRESSNOL + SOLEMAX NEURO"}]},{"@type":"WebSite","@id":"https:\/\/nateka.md\/#website","url":"https:\/\/nateka.md\/","name":"Nateka.MD","description":"prosperitate prin s\u0103n\u0103tate","publisher":{"@id":"https:\/\/nateka.md\/#organization"},"potentialAction":[{"@type":"SearchAction","target":{"@type":"EntryPoint","urlTemplate":"https:\/\/nateka.md\/?s={search_term_string}"},"query-input":{"@type":"PropertyValueSpecification","valueRequired":true,"valueName":"search_term_string"}}],"inLanguage":"ru-RU"},{"@type":"Organization","@id":"https:\/\/nateka.md\/#organization","name":"Nateka - prosperitate prin s\u0103n\u0103tate","url":"https:\/\/nateka.md\/","logo":{"@type":"ImageObject","inLanguage":"ru-RU","@id":"https:\/\/nateka.md\/#\/schema\/logo\/image\/","url":"https:\/\/nateka.md\/wp-content\/uploads\/2025\/03\/nateka-logotip.png","contentUrl":"https:\/\/nateka.md\/wp-content\/uploads\/2025\/03\/nateka-logotip.png","width":1366,"height":768,"caption":"Nateka - prosperitate prin s\u0103n\u0103tate"},"image":{"@id":"https:\/\/nateka.md\/#\/schema\/logo\/image\/"},"sameAs":["https:\/\/www.facebook.com\/prosanitasfarm","https:\/\/www.instagram.com\/prosanitasfarmsrl\/"],"hasMerchantReturnPolicy":{"@type":"MerchantReturnPolicy","merchantReturnLink":"https:\/\/nateka.md\/ru\/termeni-si-conditii\/"}}]},"product_price_amount":"247.10","product_price_currency":"MDL","og_availability":"instock","product_availability":"instock","product_condition":"new"},"_links":{"self":[{"href":"https:\/\/nateka.md\/ru\/wp-json\/wp\/v2\/product\/5486","targetHints":{"allow":["GET"]}}],"collection":[{"href":"https:\/\/nateka.md\/ru\/wp-json\/wp\/v2\/product"}],"about":[{"href":"https:\/\/nateka.md\/ru\/wp-json\/wp\/v2\/types\/product"}],"wp:featuredmedia":[{"embeddable":true,"href":"https:\/\/nateka.md\/ru\/wp-json\/wp\/v2\/media\/5542"}],"wp:attachment":[{"href":"https:\/\/nateka.md\/ru\/wp-json\/wp\/v2\/media?parent=5486"}],"wp:term":[{"taxonomy":"product_cat","embeddable":true,"href":"https:\/\/nateka.md\/ru\/wp-json\/wp\/v2\/product_cat?post=5486"},{"taxonomy":"product_tag","embeddable":true,"href":"https:\/\/nateka.md\/ru\/wp-json\/wp\/v2\/product_tag?post=5486"}],"curies":[{"name":"wp","href":"https:\/\/api.w.org\/{rel}","templated":true}]}}